{"id":658,"date":"2025-11-05T19:04:16","date_gmt":"2025-11-05T19:04:16","guid":{"rendered":"https:\/\/nordic-select.com\/home\/"},"modified":"2025-11-13T11:14:36","modified_gmt":"2025-11-13T11:14:36","slug":"home","status":"publish","type":"page","link":"https:\/\/nordic-select.com\/de\/","title":{"rendered":"Startseite"},"content":{"rendered":"<div class=\"et_pb_section_0 et_pb_section et_section_regular et_flex_section\">\n<div class=\"et_pb_row_0 et_pb_row et_pb_gutters3 et_block_row\">\n<div class=\"et_pb_column_0 et_pb_column et_pb_column_4_4 et-last-child et_block_column et_pb_css_mix_blend_mode_passthrough\">\n<div class=\"et_pb_text_0 et_pb_text et_pb_bg_layout_light et_pb_module et_flex_module\"><div class=\"et_pb_text_inner\"><h1>Premium Snus &amp; Nikotinbeutel im Gro\u00dfhandel<\/h1>\n<\/div><\/div>\n\n<div class=\"et_pb_module et_pb_button_module_wrapper et_pb_button_0_wrapper\"><a class=\"et_pb_button_0 et_pb_button et_pb_bg_layout_light et_pb_module et_flex_module\" href=\"https:\/\/nordic-select.com\/de\/marken\/\">Entdecken Sie unsere Marken<\/a><\/div>\n<\/div>\n<\/div>\n<\/div>\n\n<div class=\"et_pb_section_1 et_pb_section et_section_regular et_flex_section\">\n<div class=\"et_pb_row_1 et_pb_row et_flex_row\">\n<div class=\"et_pb_column_1 et_pb_column et-last-child et_flex_column et_pb_css_mix_blend_mode_passthrough et_flex_column_24_24\">\n<div class=\"et_pb_text_1 et_pb_text et_pb_bg_layout_light et_pb_module et_flex_module\"><div class=\"et_pb_text_inner\"><h2>Ausgew\u00e4hlte Marken<\/h2>\n<\/div><\/div>\n\n<div class=\"et_pb_group_carousel_0 et_pb_group_carousel et_pb_group et_pb_module et_pb_group_carousel_dots_disabled et_pb_group_carousel_slides_6\"><div class=\"et_pb_group_carousel_container\"><div class=\"et_pb_group_carousel_track\"><div class=\"et_pb_group_carousel_slide\"><div class=\"et_pb_group_0 et_pb_group et_pb_module et_flex_group et_pb_css_mix_blend_mode_passthrough\">\n<div class=\"et_pb_image_0 et_pb_image et_pb_module et_flex_module\"><a href=\"https:\/\/nordic-select.com\/de\/brand\/zyn\/\"><span class=\"et_pb_image_wrap\"><img loading=\"lazy\" decoding=\"async\" src=\"https:\/\/nordic-select.com\/wp-content\/uploads\/2025\/11\/zyn-nicotine-pouches_7bbde5c2-54d5-42c8-bd0a-06d026133615.avif\" width=\"352\" height=\"171\" srcset=\"https:\/\/nordic-select.com\/wp-content\/uploads\/2025\/11\/zyn-nicotine-pouches_7bbde5c2-54d5-42c8-bd0a-06d026133615.avif 352w, https:\/\/nordic-select.com\/wp-content\/uploads\/2025\/11\/zyn-nicotine-pouches_7bbde5c2-54d5-42c8-bd0a-06d026133615-300x146.avif 300w\" sizes=\"(max-width: 352px) 100vw, 352px\" class=\"wp-image-95\" \/><\/span><\/a><\/div>\n<\/div><\/div><div class=\"et_pb_group_carousel_slide\"><div class=\"et_pb_group_1 et_pb_group et_pb_module et_flex_group et_pb_css_mix_blend_mode_passthrough\">\n<div class=\"et_pb_image_1 et_pb_image et_pb_module et_flex_module\"><a href=\"https:\/\/nordic-select.com\/de\/brand\/xqs\/\"><span class=\"et_pb_image_wrap\"><img loading=\"lazy\" decoding=\"async\" src=\"https:\/\/nordic-select.com\/wp-content\/uploads\/2025\/11\/XQS-removebg-preview_4660b3f1-9947-401d-ad79-a2307ca29833.avif\" width=\"352\" height=\"171\" srcset=\"https:\/\/nordic-select.com\/wp-content\/uploads\/2025\/11\/XQS-removebg-preview_4660b3f1-9947-401d-ad79-a2307ca29833.avif 352w, https:\/\/nordic-select.com\/wp-content\/uploads\/2025\/11\/XQS-removebg-preview_4660b3f1-9947-401d-ad79-a2307ca29833-300x146.avif 300w\" sizes=\"(max-width: 352px) 100vw, 352px\" class=\"wp-image-94\" \/><\/span><\/a><\/div>\n<\/div><\/div><div class=\"et_pb_group_carousel_slide\"><div class=\"et_pb_group_2 et_pb_group et_pb_module et_flex_group et_pb_css_mix_blend_mode_passthrough\">\n<div class=\"et_pb_image_2 et_pb_image et_pb_module et_flex_module\"><a href=\"https:\/\/nordic-select.com\/de\/brand\/white-fox\/\"><span class=\"et_pb_image_wrap\"><img loading=\"lazy\" decoding=\"async\" src=\"https:\/\/nordic-select.com\/wp-content\/uploads\/2025\/11\/white_fox_1_def70554-4270-4db5-8fce-e4d2d10187b9.avif\" width=\"352\" height=\"171\" srcset=\"https:\/\/nordic-select.com\/wp-content\/uploads\/2025\/11\/white_fox_1_def70554-4270-4db5-8fce-e4d2d10187b9.avif 352w, https:\/\/nordic-select.com\/wp-content\/uploads\/2025\/11\/white_fox_1_def70554-4270-4db5-8fce-e4d2d10187b9-300x146.avif 300w\" sizes=\"(max-width: 352px) 100vw, 352px\" class=\"wp-image-64\" \/><\/span><\/a><\/div>\n<\/div><\/div><div class=\"et_pb_group_carousel_slide\"><div class=\"et_pb_group_3 et_pb_group et_pb_module et_flex_group et_pb_css_mix_blend_mode_passthrough\">\n<div class=\"et_pb_image_3 et_pb_image et_pb_module et_flex_module\"><a href=\"https:\/\/nordic-select.com\/de\/brand\/velo\/\"><span class=\"et_pb_image_wrap\"><img loading=\"lazy\" decoding=\"async\" src=\"https:\/\/nordic-select.com\/wp-content\/uploads\/2025\/11\/velo-logo-400_7aeacd4b-aa42-466b-900c-4738e386c8ac.avif\" width=\"352\" height=\"171\" srcset=\"https:\/\/nordic-select.com\/wp-content\/uploads\/2025\/11\/velo-logo-400_7aeacd4b-aa42-466b-900c-4738e386c8ac.avif 352w, https:\/\/nordic-select.com\/wp-content\/uploads\/2025\/11\/velo-logo-400_7aeacd4b-aa42-466b-900c-4738e386c8ac-300x146.avif 300w\" sizes=\"(max-width: 352px) 100vw, 352px\" class=\"wp-image-93\" \/><\/span><\/a><\/div>\n<\/div><\/div><div class=\"et_pb_group_carousel_slide\"><div class=\"et_pb_group_4 et_pb_group et_pb_module et_flex_group et_pb_css_mix_blend_mode_passthrough\">\n<div class=\"et_pb_image_4 et_pb_image et_pb_module et_flex_module\"><a href=\"https:\/\/nordic-select.com\/de\/brand\/skruf\/\"><span class=\"et_pb_image_wrap\"><img loading=\"lazy\" decoding=\"async\" src=\"https:\/\/nordic-select.com\/wp-content\/uploads\/2025\/11\/Skruf.png\" width=\"352\" height=\"171\" srcset=\"https:\/\/nordic-select.com\/wp-content\/uploads\/2025\/11\/Skruf.png 352w, https:\/\/nordic-select.com\/wp-content\/uploads\/2025\/11\/Skruf-300x146.png 300w\" sizes=\"(max-width: 352px) 100vw, 352px\" class=\"wp-image-135\" \/><\/span><\/a><\/div>\n<\/div><\/div><div class=\"et_pb_group_carousel_slide\"><div class=\"et_pb_group_5 et_pb_group et_pb_module et_flex_group et_pb_css_mix_blend_mode_passthrough\">\n<div class=\"et_pb_image_5 et_pb_image et_pb_module et_flex_module\"><a href=\"https:\/\/nordic-select.com\/de\/brand\/siberia\/\"><span class=\"et_pb_image_wrap\"><img loading=\"lazy\" decoding=\"async\" src=\"https:\/\/nordic-select.com\/wp-content\/uploads\/2025\/11\/siberia-removebg-preview_ab9204eb-79e5-43ec-b2ec-e8984d36aa00.avif\" width=\"352\" height=\"171\" srcset=\"https:\/\/nordic-select.com\/wp-content\/uploads\/2025\/11\/siberia-removebg-preview_ab9204eb-79e5-43ec-b2ec-e8984d36aa00.avif 352w, https:\/\/nordic-select.com\/wp-content\/uploads\/2025\/11\/siberia-removebg-preview_ab9204eb-79e5-43ec-b2ec-e8984d36aa00-300x146.avif 300w\" sizes=\"(max-width: 352px) 100vw, 352px\" class=\"wp-image-80\" \/><\/span><\/a><\/div>\n<\/div><\/div><div class=\"et_pb_group_carousel_slide\"><div class=\"et_pb_group_6 et_pb_group et_pb_module et_flex_group et_pb_css_mix_blend_mode_passthrough\">\n<div class=\"et_pb_image_6 et_pb_image et_pb_module et_flex_module\"><a href=\"https:\/\/nordic-select.com\/de\/brand\/pablo\/\"><span class=\"et_pb_image_wrap\"><img loading=\"lazy\" decoding=\"async\" src=\"https:\/\/nordic-select.com\/wp-content\/uploads\/2025\/11\/Pablo-removebg-preview_ad933c9a-654f-48c0-8f10-587cd17e6544.avif\" width=\"352\" height=\"171\" srcset=\"https:\/\/nordic-select.com\/wp-content\/uploads\/2025\/11\/Pablo-removebg-preview_ad933c9a-654f-48c0-8f10-587cd17e6544.avif 352w, https:\/\/nordic-select.com\/wp-content\/uploads\/2025\/11\/Pablo-removebg-preview_ad933c9a-654f-48c0-8f10-587cd17e6544-300x146.avif 300w\" sizes=\"(max-width: 352px) 100vw, 352px\" class=\"wp-image-92\" \/><\/span><\/a><\/div>\n<\/div><\/div><div class=\"et_pb_group_carousel_slide\"><div class=\"et_pb_group_7 et_pb_group et_pb_module et_flex_group et_pb_css_mix_blend_mode_passthrough\">\n<div class=\"et_pb_image_7 et_pb_image et_pb_module et_flex_module\"><a href=\"https:\/\/nordic-select.com\/de\/brand\/loop\/\"><span class=\"et_pb_image_wrap\"><img loading=\"lazy\" decoding=\"async\" src=\"https:\/\/nordic-select.com\/wp-content\/uploads\/2025\/11\/loop_1_853edd66-fb17-4665-a552-0c607a4022dc.avif\" width=\"352\" height=\"171\" srcset=\"https:\/\/nordic-select.com\/wp-content\/uploads\/2025\/11\/loop_1_853edd66-fb17-4665-a552-0c607a4022dc.avif 352w, https:\/\/nordic-select.com\/wp-content\/uploads\/2025\/11\/loop_1_853edd66-fb17-4665-a552-0c607a4022dc-300x146.avif 300w\" sizes=\"(max-width: 352px) 100vw, 352px\" class=\"wp-image-97\" \/><\/span><\/a><\/div>\n<\/div><\/div><div class=\"et_pb_group_carousel_slide\"><div class=\"et_pb_group_8 et_pb_group et-last-child et_pb_module et_flex_group et_pb_css_mix_blend_mode_passthrough\">\n<div class=\"et_pb_image_8 et_pb_image et_pb_module et_flex_module\"><a href=\"https:\/\/nordic-select.com\/de\/brand\/helwit\/\"><span class=\"et_pb_image_wrap\"><img loading=\"lazy\" decoding=\"async\" src=\"https:\/\/nordic-select.com\/wp-content\/uploads\/2025\/11\/helwit_ce010996-c7ef-413d-b217-87620bda1dfa.avif\" width=\"352\" height=\"171\" srcset=\"https:\/\/nordic-select.com\/wp-content\/uploads\/2025\/11\/helwit_ce010996-c7ef-413d-b217-87620bda1dfa.avif 352w, https:\/\/nordic-select.com\/wp-content\/uploads\/2025\/11\/helwit_ce010996-c7ef-413d-b217-87620bda1dfa-300x146.avif 300w\" sizes=\"(max-width: 352px) 100vw, 352px\" class=\"wp-image-96\" \/><\/span><\/a><\/div>\n<\/div><\/div><\/div><\/div><\/div>\n<\/div>\n<\/div>\n<\/div>\n\n<div class=\"et_pb_section_2 et_pb_section et_section_regular et_flex_section\">\n<div class=\"et_pb_row_2 et_pb_row et_flex_row\">\n<div class=\"et_pb_column_2 et_pb_column et-last-child et_flex_column et_pb_css_mix_blend_mode_passthrough et_flex_column_24_24\">\n<div class=\"et_pb_text_2 et_pb_text et_pb_bg_layout_light et_pb_module et_flex_module\"><div class=\"et_pb_text_inner\"><h2>Ausgew\u00e4hlte Produkte<\/h2>\n<\/div><\/div>\n\n<div class=\"et_pb_group_carousel_1 et_pb_group_carousel et_pb_group et_pb_module et_pb_group_carousel_arrows_outside et_pb_group_carousel_dots_center et_pb_group_carousel_dots_below et_pb_group_carousel_slides_4\"><div class=\"et_pb_group_carousel_container\"><div class=\"et_pb_group_carousel_track\"><div class=\"et_pb_group_carousel_slide\"><div class=\"et_pb_group_9 et_pb_group et_pb_module et_flex_group et_pb_css_mix_blend_mode_passthrough\">\n<div class=\"et_pb_image_9 et_pb_image et_pb_module et_flex_module\"><span class=\"et_pb_image_wrap\"><img loading=\"lazy\" decoding=\"async\" src=\"https:\/\/nordic-select.com\/wp-content\/uploads\/2025\/11\/Loop-Jalapeno-Lime-Extra-Strong.png\" width=\"555\" height=\"555\" srcset=\"https:\/\/nordic-select.com\/wp-content\/uploads\/2025\/11\/Loop-Jalapeno-Lime-Extra-Strong.png 555w, https:\/\/nordic-select.com\/wp-content\/uploads\/2025\/11\/Loop-Jalapeno-Lime-Extra-Strong-480x480.png 480w\" sizes=\"(min-width: 0px) and (max-width: 480px) 480px, (min-width: 481px) 555px, 100vw\" class=\"wp-image-283\" \/><\/span><\/div>\n\n<div class=\"et_pb_text_3 et_pb_text et_pb_bg_layout_light et_pb_module et_flex_module\"><div class=\"et_pb_text_inner\"><p><a href=\"https:\/\/nordic-select.com\/de\/brand\/loop\/\">LOOP<\/a><\/p>\n<\/div><\/div>\n\n<div class=\"et_pb_text_4 et_pb_text et_pb_bg_layout_light et_pb_module et_flex_module\"><div class=\"et_pb_text_inner\"><p>Loop Jalapeno Lime Extra Strong<\/p>\n<\/div><\/div>\n<\/div><\/div><div class=\"et_pb_group_carousel_slide\"><div class=\"et_pb_group_10 et_pb_group et_pb_module et_flex_group et_pb_css_mix_blend_mode_passthrough\">\n<div class=\"et_pb_image_10 et_pb_image et_pb_module et_flex_module\"><span class=\"et_pb_image_wrap\"><img loading=\"lazy\" decoding=\"async\" src=\"https:\/\/nordic-select.com\/wp-content\/uploads\/2025\/11\/Helwit-Cherry-Slim.png\" width=\"585\" height=\"585\" srcset=\"https:\/\/nordic-select.com\/wp-content\/uploads\/2025\/11\/Helwit-Cherry-Slim.png 585w, https:\/\/nordic-select.com\/wp-content\/uploads\/2025\/11\/Helwit-Cherry-Slim-480x480.png 480w\" sizes=\"(min-width: 0px) and (max-width: 480px) 480px, (min-width: 481px) 585px, 100vw\" class=\"wp-image-299\" \/><\/span><\/div>\n\n<div class=\"et_pb_text_5 et_pb_text et_pb_bg_layout_light et_pb_module et_flex_module\"><div class=\"et_pb_text_inner\"><p><a href=\"https:\/\/nordic-select.com\/de\/brand\/helwit\/\">Helwit<\/a><\/p>\n<\/div><\/div>\n\n<div class=\"et_pb_text_6 et_pb_text et_pb_bg_layout_light et_pb_module et_flex_module\"><div class=\"et_pb_text_inner\"><p>Helwit Cherry Slim<\/p>\n<\/div><\/div>\n<\/div><\/div><div class=\"et_pb_group_carousel_slide\"><div class=\"et_pb_group_11 et_pb_group et_pb_module et_flex_group et_pb_css_mix_blend_mode_passthrough\">\n<div class=\"et_pb_image_11 et_pb_image et_pb_module et_flex_module\"><span class=\"et_pb_image_wrap\"><img loading=\"lazy\" decoding=\"async\" src=\"https:\/\/nordic-select.com\/wp-content\/uploads\/2025\/11\/VELO-Tropical-Mango-14mg.png\" width=\"555\" height=\"555\" srcset=\"https:\/\/nordic-select.com\/wp-content\/uploads\/2025\/11\/VELO-Tropical-Mango-14mg.png 555w, https:\/\/nordic-select.com\/wp-content\/uploads\/2025\/11\/VELO-Tropical-Mango-14mg-480x480.png 480w\" sizes=\"(min-width: 0px) and (max-width: 480px) 480px, (min-width: 481px) 555px, 100vw\" class=\"wp-image-349\" \/><\/span><\/div>\n\n<div class=\"et_pb_text_7 et_pb_text et_pb_bg_layout_light et_pb_module et_flex_module\"><div class=\"et_pb_text_inner\"><p><a href=\"https:\/\/nordic-select.com\/de\/brand\/velo\/\">VELO<\/a><\/p>\n<\/div><\/div>\n\n<div class=\"et_pb_text_8 et_pb_text et_pb_bg_layout_light et_pb_module et_flex_module\"><div class=\"et_pb_text_inner\"><p>VELO Tropical Mango 14mg<\/p>\n<\/div><\/div>\n<\/div><\/div><div class=\"et_pb_group_carousel_slide\"><div class=\"et_pb_group_12 et_pb_group et_pb_module et_flex_group et_pb_css_mix_blend_mode_passthrough\">\n<div class=\"et_pb_image_12 et_pb_image et_pb_module et_flex_module\"><span class=\"et_pb_image_wrap\"><img loading=\"lazy\" decoding=\"async\" src=\"https:\/\/nordic-select.com\/wp-content\/uploads\/2025\/11\/VELO-Purple-Grape-Mini.png\" width=\"555\" height=\"555\" srcset=\"https:\/\/nordic-select.com\/wp-content\/uploads\/2025\/11\/VELO-Purple-Grape-Mini.png 555w, https:\/\/nordic-select.com\/wp-content\/uploads\/2025\/11\/VELO-Purple-Grape-Mini-480x480.png 480w\" sizes=\"(min-width: 0px) and (max-width: 480px) 480px, (min-width: 481px) 555px, 100vw\" class=\"wp-image-342\" \/><\/span><\/div>\n\n<div class=\"et_pb_text_9 et_pb_text et_pb_bg_layout_light et_pb_module et_flex_module\"><div class=\"et_pb_text_inner\"><p><a href=\"https:\/\/nordic-select.com\/de\/brand\/velo\/\">VELO<\/a><\/p>\n<\/div><\/div>\n\n<div class=\"et_pb_text_10 et_pb_text et_pb_bg_layout_light et_pb_module et_flex_module\"><div class=\"et_pb_text_inner\"><p>VELO Purple Grape Mini<\/p>\n<\/div><\/div>\n<\/div><\/div><div class=\"et_pb_group_carousel_slide\"><div class=\"et_pb_group_13 et_pb_group et_pb_module et_flex_group et_pb_css_mix_blend_mode_passthrough\">\n<div class=\"et_pb_image_13 et_pb_image et_pb_module et_flex_module\"><span class=\"et_pb_image_wrap\"><img loading=\"lazy\" decoding=\"async\" src=\"https:\/\/nordic-select.com\/wp-content\/uploads\/2025\/11\/PABLO-Exclusive-Frosted-Mint-SLIM.webp\" width=\"713\" height=\"713\" srcset=\"https:\/\/nordic-select.com\/wp-content\/uploads\/2025\/11\/PABLO-Exclusive-Frosted-Mint-SLIM.webp 713w, https:\/\/nordic-select.com\/wp-content\/uploads\/2025\/11\/PABLO-Exclusive-Frosted-Mint-SLIM-480x480.webp 480w\" sizes=\"(min-width: 0px) and (max-width: 480px) 480px, (min-width: 481px) 713px, 100vw\" class=\"wp-image-102\" \/><\/span><\/div>\n\n<div class=\"et_pb_text_11 et_pb_text et_pb_bg_layout_light et_pb_module et_flex_module\"><div class=\"et_pb_text_inner\"><p><a href=\"https:\/\/nordic-select.com\/de\/brand\/pablo\/\">Pablo<\/a><\/p>\n<\/div><\/div>\n\n<div class=\"et_pb_text_12 et_pb_text et_pb_bg_layout_light et_pb_module et_flex_module\"><div class=\"et_pb_text_inner\"><p>PABLO Exclusive Frosted Mint SLIM (30 mg\/pouch)<\/p>\n<\/div><\/div>\n<\/div><\/div><div class=\"et_pb_group_carousel_slide\"><div class=\"et_pb_group_14 et_pb_group et_pb_module et_flex_group et_pb_css_mix_blend_mode_passthrough\">\n<div class=\"et_pb_image_14 et_pb_image et_pb_module et_flex_module\"><span class=\"et_pb_image_wrap\"><img loading=\"lazy\" decoding=\"async\" src=\"https:\/\/nordic-select.com\/wp-content\/uploads\/2025\/11\/VELO-Shift-Cool-Peppermint.png\" width=\"585\" height=\"585\" srcset=\"https:\/\/nordic-select.com\/wp-content\/uploads\/2025\/11\/VELO-Shift-Cool-Peppermint.png 585w, https:\/\/nordic-select.com\/wp-content\/uploads\/2025\/11\/VELO-Shift-Cool-Peppermint-480x480.png 480w\" sizes=\"(min-width: 0px) and (max-width: 480px) 480px, (min-width: 481px) 585px, 100vw\" class=\"wp-image-343\" \/><\/span><\/div>\n\n<div class=\"et_pb_text_13 et_pb_text et_pb_bg_layout_light et_pb_module et_flex_module\"><div class=\"et_pb_text_inner\"><p><a href=\"https:\/\/nordic-select.com\/de\/brand\/velo\/\">VELO<\/a><\/p>\n<\/div><\/div>\n\n<div class=\"et_pb_text_14 et_pb_text et_pb_bg_layout_light et_pb_module et_flex_module\"><div class=\"et_pb_text_inner\"><p>VELO Shift Cool Peppermint<\/p>\n<\/div><\/div>\n<\/div><\/div><div class=\"et_pb_group_carousel_slide\"><div class=\"et_pb_group_15 et_pb_group et_pb_module et_flex_group et_pb_css_mix_blend_mode_passthrough\">\n<div class=\"et_pb_image_15 et_pb_image et_pb_module et_flex_module\"><span class=\"et_pb_image_wrap\"><img loading=\"lazy\" decoding=\"async\" src=\"https:\/\/nordic-select.com\/wp-content\/uploads\/2025\/11\/White-Fox-Slim.png\" width=\"585\" height=\"585\" srcset=\"https:\/\/nordic-select.com\/wp-content\/uploads\/2025\/11\/White-Fox-Slim.png 585w, https:\/\/nordic-select.com\/wp-content\/uploads\/2025\/11\/White-Fox-Slim-480x480.png 480w\" sizes=\"(min-width: 0px) and (max-width: 480px) 480px, (min-width: 481px) 585px, 100vw\" class=\"wp-image-56\" \/><\/span><\/div>\n\n<div class=\"et_pb_text_15 et_pb_text et_pb_bg_layout_light et_pb_module et_flex_module\"><div class=\"et_pb_text_inner\"><p><a href=\"https:\/\/nordic-select.com\/de\/brand\/white-fox\/\">White Fox<\/a><\/p>\n<\/div><\/div>\n\n<div class=\"et_pb_text_16 et_pb_text et_pb_bg_layout_light et_pb_module et_flex_module\"><div class=\"et_pb_text_inner\"><p>White Fox Slim<\/p>\n<\/div><\/div>\n<\/div><\/div><div class=\"et_pb_group_carousel_slide\"><div class=\"et_pb_group_16 et_pb_group et_pb_module et_flex_group et_pb_css_mix_blend_mode_passthrough\">\n<div class=\"et_pb_image_16 et_pb_image et_pb_module et_flex_module\"><span class=\"et_pb_image_wrap\"><img loading=\"lazy\" decoding=\"async\" src=\"https:\/\/nordic-select.com\/wp-content\/uploads\/2025\/11\/XQS-Cool-Ice-Mini.png\" width=\"555\" height=\"555\" srcset=\"https:\/\/nordic-select.com\/wp-content\/uploads\/2025\/11\/XQS-Cool-Ice-Mini.png 555w, https:\/\/nordic-select.com\/wp-content\/uploads\/2025\/11\/XQS-Cool-Ice-Mini-480x480.png 480w\" sizes=\"(min-width: 0px) and (max-width: 480px) 480px, (min-width: 481px) 555px, 100vw\" class=\"wp-image-487\" \/><\/span><\/div>\n\n<div class=\"et_pb_text_17 et_pb_text et_pb_bg_layout_light et_pb_module et_flex_module\"><div class=\"et_pb_text_inner\"><p><a href=\"https:\/\/nordic-select.com\/de\/brand\/xqs\/\">XQS<\/a><\/p>\n<\/div><\/div>\n\n<div class=\"et_pb_text_18 et_pb_text et_pb_bg_layout_light et_pb_module et_flex_module\"><div class=\"et_pb_text_inner\"><p>XQS Cool Ice Mini<\/p>\n<\/div><\/div>\n<\/div><\/div><div class=\"et_pb_group_carousel_slide\"><div class=\"et_pb_group_17 et_pb_group et_pb_module et_flex_group et_pb_css_mix_blend_mode_passthrough\">\n<div class=\"et_pb_image_17 et_pb_image et_pb_module et_flex_module\"><span class=\"et_pb_image_wrap\"><img loading=\"lazy\" decoding=\"async\" src=\"https:\/\/nordic-select.com\/wp-content\/uploads\/2025\/11\/Loop-Smooth-Mint-Extra-Strong.png\" width=\"555\" height=\"555\" srcset=\"https:\/\/nordic-select.com\/wp-content\/uploads\/2025\/11\/Loop-Smooth-Mint-Extra-Strong.png 555w, https:\/\/nordic-select.com\/wp-content\/uploads\/2025\/11\/Loop-Smooth-Mint-Extra-Strong-480x480.png 480w\" sizes=\"(min-width: 0px) and (max-width: 480px) 480px, (min-width: 481px) 555px, 100vw\" class=\"wp-image-285\" \/><\/span><\/div>\n\n<div class=\"et_pb_text_19 et_pb_text et_pb_bg_layout_light et_pb_module et_flex_module\"><div class=\"et_pb_text_inner\"><p><a href=\"https:\/\/nordic-select.com\/de\/brand\/loop\/\">LOOP<\/a><\/p>\n<\/div><\/div>\n\n<div class=\"et_pb_text_20 et_pb_text et_pb_bg_layout_light et_pb_module et_flex_module\"><div class=\"et_pb_text_inner\"><p>Loop Smooth Mint Extra Strong<\/p>\n<\/div><\/div>\n<\/div><\/div><div class=\"et_pb_group_carousel_slide\"><div class=\"et_pb_group_18 et_pb_group et-last-child et_pb_module et_flex_group et_pb_css_mix_blend_mode_passthrough\">\n<div class=\"et_pb_image_18 et_pb_image et_pb_module et_flex_module\"><span class=\"et_pb_image_wrap\"><img loading=\"lazy\" decoding=\"async\" src=\"https:\/\/nordic-select.com\/wp-content\/uploads\/2025\/11\/XQS-Tropical-Slim-Strong.png\" width=\"555\" height=\"555\" srcset=\"https:\/\/nordic-select.com\/wp-content\/uploads\/2025\/11\/XQS-Tropical-Slim-Strong.png 555w, https:\/\/nordic-select.com\/wp-content\/uploads\/2025\/11\/XQS-Tropical-Slim-Strong-480x480.png 480w\" sizes=\"(min-width: 0px) and (max-width: 480px) 480px, (min-width: 481px) 555px, 100vw\" class=\"wp-image-488\" \/><\/span><\/div>\n\n<div class=\"et_pb_text_21 et_pb_text et_pb_bg_layout_light et_pb_module et_flex_module\"><div class=\"et_pb_text_inner\"><p><a href=\"https:\/\/nordic-select.com\/de\/brand\/xqs\/\">XQS<\/a><\/p>\n<\/div><\/div>\n\n<div class=\"et_pb_text_22 et_pb_text et_pb_bg_layout_light et_pb_module et_flex_module\"><div class=\"et_pb_text_inner\"><p>XQS Tropical Slim Strong<\/p>\n<\/div><\/div>\n<\/div><\/div><\/div><\/div><span class=\"et_pb_group_carousel_arrow et_pb_group_carousel_arrow_prev\" role=\"button\" tabindex=\"0\" aria-label=\"Previous slide\"><span class=\"et-pb-icon\">4<\/span><\/span><span class=\"et_pb_group_carousel_arrow et_pb_group_carousel_arrow_next\" role=\"button\" tabindex=\"0\" aria-label=\"Next slide\"><span class=\"et-pb-icon\">5<\/span><\/span><div class=\"et_pb_group_carousel_dots\"><\/div><\/div>\n\n<div class=\"et_pb_module et_pb_button_module_wrapper et_pb_button_1_wrapper\"><a class=\"et_pb_button_1 et_pb_button et_pb_bg_layout_light et_pb_module et_flex_module\" href=\"https:\/\/nordic-select.com\/de\/marken\/\">Alle Produkte ansehen<\/a><\/div>\n<\/div>\n<\/div>\n<\/div>\n\n<div class=\"et_pb_section_3 et_pb_section et_section_regular et_flex_section\">\n<div class=\"et_pb_row_3 et_pb_row et_flex_row\">\n<div class=\"et_pb_column_3 et_pb_column et_flex_column et_pb_css_mix_blend_mode_passthrough et_flex_column_12_24 et_flex_column_24_24_tablet et_flex_column_24_24_phone\">\n<div class=\"et_pb_image_19 et_pb_image et_pb_module et_flex_module\"><span class=\"et_pb_image_wrap\"><img loading=\"lazy\" decoding=\"async\" src=\"https:\/\/nordic-select.com\/wp-content\/uploads\/2025\/11\/pablo-exclusive-nicotine-pouches-available-now.webp\" width=\"800\" height=\"800\" srcset=\"https:\/\/nordic-select.com\/wp-content\/uploads\/2025\/11\/pablo-exclusive-nicotine-pouches-available-now.webp 800w, https:\/\/nordic-select.com\/wp-content\/uploads\/2025\/11\/pablo-exclusive-nicotine-pouches-available-now-480x480.webp 480w\" sizes=\"(min-width: 0px) and (max-width: 480px) 480px, (min-width: 481px) 800px, 100vw\" class=\"wp-image-404\" \/><\/span><\/div>\n<\/div>\n\n<div class=\"et_pb_column_4 et_pb_column et-last-child et_flex_column et_pb_css_mix_blend_mode_passthrough et_flex_column_12_24 et_flex_column_24_24_tablet et_flex_column_24_24_phone\">\n<div class=\"et_pb_text_23 et_pb_text et_pb_bg_layout_light et_pb_module et_flex_module\"><div class=\"et_pb_text_inner\"><h2>\u00dcber uns<\/h2>\n<\/div><\/div>\n\n<div class=\"et_pb_text_24 et_pb_text et_pb_bg_layout_light et_pb_module et_flex_module\"><div class=\"et_pb_text_inner\"><p>Nordic Select ist ein Gro\u00dfhandelsunternehmen, das sich auf hochwertigen schwedischen Snus und Nikotinbeutel spezialisiert hat.<\/p>\n<p>Mit langj\u00e4hriger Erfahrung in der Branche bieten wir unseren Kunden wettbewerbsf\u00e4hige Preise und eine Komplettl\u00f6sung, wenn es um Nikotinbeutel geht. Unsere gro\u00dfe Auswahl umfasst f\u00fchrende Marken sowie ein st\u00e4ndig aktualisiertes Sortiment an neuen Geschmacksrichtungen und Innovationen.<\/p>\n<p>Unser Ziel ist es, langfristige Beziehungen zu unseren Kunden aufzubauen. Deshalb konzentrieren wir uns darauf, schnellen, pers\u00f6nlichen Service kombiniert mit strategischen Lieferl\u00f6sungen zu bieten. Mit unserem neuen Zentrallager, direkt an der Grenze zwischen \u00d6sterreich und der Schweiz gelegen, k\u00f6nnen wir schnelle Lieferungen und eine hohe Produktverf\u00fcgbarkeit gew\u00e4hrleisten.<\/p>\n<\/div><\/div>\n<\/div>\n<\/div>\n<\/div>\n\n<div class=\"et_pb_section_4 et_pb_section et_section_regular et_flex_section\">\n<div class=\"et_pb_row_4 et_pb_row et_flex_row\">\n<div class=\"et_pb_column_5 et_pb_column et-last-child et_flex_column et_pb_css_mix_blend_mode_passthrough et_flex_column_24_24\">\n<div class=\"et_pb_text_25 et_pb_text et_pb_bg_layout_light et_pb_module et_flex_module\"><div class=\"et_pb_text_inner\"><h2>Bereit f\u00fcr eine Partnerschaft mit uns?<\/h2>\n<\/div><\/div>\n\n<div class=\"et_pb_text_26 et_pb_text et_pb_bg_layout_light et_pb_module et_flex_module\"><div class=\"et_pb_text_inner\"><p>Z\u00f6gern Sie nicht, uns zu kontaktieren, wenn Sie Fragen haben oder einen Besuch von einem unserer Vertriebsmitarbeiter w\u00fcnschen.<\/p>\n<\/div><\/div>\n\n<div class=\"et_pb_module et_pb_button_module_wrapper et_pb_button_2_wrapper\"><a class=\"et_pb_button_2 et_pb_button et_pb_bg_layout_light et_pb_module et_flex_module\" href=\"https:\/\/nordic-select.com\/de\/kontaktieren-sie-uns\/\">Kontaktieren Sie uns<\/a><\/div>\n<\/div>\n<\/div>\n<\/div>","protected":false},"excerpt":{"rendered":"","protected":false},"author":1,"featured_media":0,"parent":0,"menu_order":0,"comment_status":"closed","ping_status":"closed","template":"","meta":{"_acf_changed":false,"footnotes":""},"class_list":["post-658","page","type-page","status-publish","hentry"],"acf":[],"_hostinger_reach_plugin_has_subscription_block":false,"_hostinger_reach_plugin_is_elementor":false,"_links":{"self":[{"href":"https:\/\/nordic-select.com\/de\/wp-json\/wp\/v2\/pages\/658","targetHints":{"allow":["GET"]}}],"collection":[{"href":"https:\/\/nordic-select.com\/de\/wp-json\/wp\/v2\/pages"}],"about":[{"href":"https:\/\/nordic-select.com\/de\/wp-json\/wp\/v2\/types\/page"}],"author":[{"embeddable":true,"href":"https:\/\/nordic-select.com\/de\/wp-json\/wp\/v2\/users\/1"}],"replies":[{"embeddable":true,"href":"https:\/\/nordic-select.com\/de\/wp-json\/wp\/v2\/comments?post=658"}],"version-history":[{"count":6,"href":"https:\/\/nordic-select.com\/de\/wp-json\/wp\/v2\/pages\/658\/revisions"}],"predecessor-version":[{"id":720,"href":"https:\/\/nordic-select.com\/de\/wp-json\/wp\/v2\/pages\/658\/revisions\/720"}],"wp:attachment":[{"href":"https:\/\/nordic-select.com\/de\/wp-json\/wp\/v2\/media?parent=658"}],"curies":[{"name":"wp","href":"https:\/\/api.w.org\/{rel}","templated":true}]}}