{"id":498,"date":"2025-11-05T19:04:33","date_gmt":"2025-11-05T19:04:33","guid":{"rendered":"https:\/\/nordic-select.com\/marken\/"},"modified":"2025-11-12T13:56:16","modified_gmt":"2025-11-12T13:56:16","slug":"marken","status":"publish","type":"page","link":"https:\/\/nordic-select.com\/de\/marken\/","title":{"rendered":"Marken"},"content":{"rendered":"<div class=\"et_pb_section_0 et_pb_section et_section_regular et_flex_section\">\n<div class=\"et_pb_row_0 et_pb_row et_flex_row\">\n<div class=\"et_pb_column_0 et_pb_column et-last-child et_flex_column et_pb_css_mix_blend_mode_passthrough et_flex_column_24_24\">\n<div class=\"et_pb_text_0 et_pb_text et_pb_bg_layout_light et_pb_module et_flex_module\"><div class=\"et_pb_text_inner\"><h1>Unsere Marken<\/h1>\n<\/div><\/div>\n\n<div class=\"et_pb_text_1 et_pb_text et_pb_bg_layout_light et_pb_module et_flex_module\"><div class=\"et_pb_text_inner\"><p>Wir f\u00fchren eine gro\u00dfe Auswahl an f\u00fchrenden Marken und innovativen neuen Produkten.<\/p>\n<\/div><\/div>\n<\/div>\n<\/div>\n<\/div>\n\n<div class=\"et_pb_section_1 et_pb_section et_section_regular et_flex_section\">\n<div class=\"et_pb_row_1 et_pb_row et_flex_row\">\n<div class=\"et_pb_column_1 et_pb_column et-last-child et_grid_column et_pb_css_mix_blend_mode_passthrough et_flex_column_24_24\"><div class=\"et_pb_group_0 et_pb_group et_pb_module et_flex_group et_pb_css_mix_blend_mode_passthrough\">\n<div class=\"et_pb_image_0 et_pb_image et_pb_module et_flex_module\"><a href=\"https:\/\/nordic-select.com\/de\/brand\/zyn\/\"><span class=\"et_pb_image_wrap\"><img loading=\"lazy\" decoding=\"async\" src=\"https:\/\/nordic-select.com\/wp-content\/uploads\/2025\/11\/zyn-nicotine-pouches_7bbde5c2-54d5-42c8-bd0a-06d026133615.avif\" width=\"352\" height=\"171\" srcset=\"https:\/\/nordic-select.com\/wp-content\/uploads\/2025\/11\/zyn-nicotine-pouches_7bbde5c2-54d5-42c8-bd0a-06d026133615.avif 352w, https:\/\/nordic-select.com\/wp-content\/uploads\/2025\/11\/zyn-nicotine-pouches_7bbde5c2-54d5-42c8-bd0a-06d026133615-300x146.avif 300w\" sizes=\"(max-width: 352px) 100vw, 352px\" class=\"wp-image-95\" \/><\/span><\/a><\/div>\n\n<div class=\"et_pb_text_2 et_pb_text et_pb_bg_layout_light et_clickable et_pb_module et_flex_module\"><div class=\"et_pb_text_inner\"><p>ZYN<\/p>\n<\/div><\/div>\n<\/div><div class=\"et_pb_group_1 et_pb_group et_pb_module et_flex_group et_pb_css_mix_blend_mode_passthrough\">\n<div class=\"et_pb_image_1 et_pb_image et_pb_module et_flex_module\"><a href=\"https:\/\/nordic-select.com\/de\/brand\/xqs\/\"><span class=\"et_pb_image_wrap\"><img loading=\"lazy\" decoding=\"async\" src=\"https:\/\/nordic-select.com\/wp-content\/uploads\/2025\/11\/XQS-removebg-preview_4660b3f1-9947-401d-ad79-a2307ca29833.avif\" width=\"352\" height=\"171\" srcset=\"https:\/\/nordic-select.com\/wp-content\/uploads\/2025\/11\/XQS-removebg-preview_4660b3f1-9947-401d-ad79-a2307ca29833.avif 352w, https:\/\/nordic-select.com\/wp-content\/uploads\/2025\/11\/XQS-removebg-preview_4660b3f1-9947-401d-ad79-a2307ca29833-300x146.avif 300w\" sizes=\"(max-width: 352px) 100vw, 352px\" class=\"wp-image-94\" \/><\/span><\/a><\/div>\n\n<div class=\"et_pb_text_3 et_pb_text et_pb_bg_layout_light et_clickable et_pb_module et_flex_module\"><div class=\"et_pb_text_inner\"><p>XQS<\/p>\n<\/div><\/div>\n<\/div><div class=\"et_pb_group_2 et_pb_group et_pb_module et_flex_group et_pb_css_mix_blend_mode_passthrough\">\n<div class=\"et_pb_image_2 et_pb_image et_pb_module et_flex_module\"><a href=\"https:\/\/nordic-select.com\/de\/brand\/white-fox\/\"><span class=\"et_pb_image_wrap\"><img loading=\"lazy\" decoding=\"async\" src=\"https:\/\/nordic-select.com\/wp-content\/uploads\/2025\/11\/white_fox_1_def70554-4270-4db5-8fce-e4d2d10187b9.avif\" width=\"352\" height=\"171\" srcset=\"https:\/\/nordic-select.com\/wp-content\/uploads\/2025\/11\/white_fox_1_def70554-4270-4db5-8fce-e4d2d10187b9.avif 352w, https:\/\/nordic-select.com\/wp-content\/uploads\/2025\/11\/white_fox_1_def70554-4270-4db5-8fce-e4d2d10187b9-300x146.avif 300w\" sizes=\"(max-width: 352px) 100vw, 352px\" class=\"wp-image-64\" \/><\/span><\/a><\/div>\n\n<div class=\"et_pb_text_4 et_pb_text et_pb_bg_layout_light et_clickable et_pb_module et_flex_module\"><div class=\"et_pb_text_inner\"><p>White Fox<\/p>\n<\/div><\/div>\n<\/div><div class=\"et_pb_group_3 et_pb_group et_pb_module et_flex_group et_pb_css_mix_blend_mode_passthrough\">\n<div class=\"et_pb_image_3 et_pb_image et_pb_module et_flex_module\"><a href=\"https:\/\/nordic-select.com\/de\/brand\/velo\/\"><span class=\"et_pb_image_wrap\"><img loading=\"lazy\" decoding=\"async\" src=\"https:\/\/nordic-select.com\/wp-content\/uploads\/2025\/11\/velo-logo-400_7aeacd4b-aa42-466b-900c-4738e386c8ac.avif\" width=\"352\" height=\"171\" srcset=\"https:\/\/nordic-select.com\/wp-content\/uploads\/2025\/11\/velo-logo-400_7aeacd4b-aa42-466b-900c-4738e386c8ac.avif 352w, https:\/\/nordic-select.com\/wp-content\/uploads\/2025\/11\/velo-logo-400_7aeacd4b-aa42-466b-900c-4738e386c8ac-300x146.avif 300w\" sizes=\"(max-width: 352px) 100vw, 352px\" class=\"wp-image-93\" \/><\/span><\/a><\/div>\n\n<div class=\"et_pb_text_5 et_pb_text et_pb_bg_layout_light et_clickable et_pb_module et_flex_module\"><div class=\"et_pb_text_inner\"><p>VELO<\/p>\n<\/div><\/div>\n<\/div><div class=\"et_pb_group_4 et_pb_group et_pb_module et_flex_group et_pb_css_mix_blend_mode_passthrough\">\n<div class=\"et_pb_image_4 et_pb_image et_pb_module et_flex_module\"><a href=\"https:\/\/nordic-select.com\/de\/brand\/skruf\/\"><span class=\"et_pb_image_wrap\"><img loading=\"lazy\" decoding=\"async\" src=\"https:\/\/nordic-select.com\/wp-content\/uploads\/2025\/11\/Skruf.png\" width=\"352\" height=\"171\" srcset=\"https:\/\/nordic-select.com\/wp-content\/uploads\/2025\/11\/Skruf.png 352w, https:\/\/nordic-select.com\/wp-content\/uploads\/2025\/11\/Skruf-300x146.png 300w\" sizes=\"(max-width: 352px) 100vw, 352px\" class=\"wp-image-135\" \/><\/span><\/a><\/div>\n\n<div class=\"et_pb_text_6 et_pb_text et_pb_bg_layout_light et_clickable et_pb_module et_flex_module\"><div class=\"et_pb_text_inner\"><p>Skruf<\/p>\n<\/div><\/div>\n<\/div><div class=\"et_pb_group_5 et_pb_group et_pb_module et_flex_group et_pb_css_mix_blend_mode_passthrough\">\n<div class=\"et_pb_image_5 et_pb_image et_pb_module et_flex_module\"><a href=\"https:\/\/nordic-select.com\/de\/brand\/siberia\/\"><span class=\"et_pb_image_wrap\"><img loading=\"lazy\" decoding=\"async\" src=\"https:\/\/nordic-select.com\/wp-content\/uploads\/2025\/11\/siberia-removebg-preview_ab9204eb-79e5-43ec-b2ec-e8984d36aa00.avif\" width=\"352\" height=\"171\" srcset=\"https:\/\/nordic-select.com\/wp-content\/uploads\/2025\/11\/siberia-removebg-preview_ab9204eb-79e5-43ec-b2ec-e8984d36aa00.avif 352w, https:\/\/nordic-select.com\/wp-content\/uploads\/2025\/11\/siberia-removebg-preview_ab9204eb-79e5-43ec-b2ec-e8984d36aa00-300x146.avif 300w\" sizes=\"(max-width: 352px) 100vw, 352px\" class=\"wp-image-80\" \/><\/span><\/a><\/div>\n\n<div class=\"et_pb_text_7 et_pb_text et_pb_bg_layout_light et_clickable et_pb_module et_flex_module\"><div class=\"et_pb_text_inner\"><p>Siberia<\/p>\n<\/div><\/div>\n<\/div><div class=\"et_pb_group_6 et_pb_group et_pb_module et_flex_group et_pb_css_mix_blend_mode_passthrough\">\n<div class=\"et_pb_image_6 et_pb_image et_pb_module et_flex_module\"><a href=\"https:\/\/nordic-select.com\/de\/brand\/pablo\/\"><span class=\"et_pb_image_wrap\"><img loading=\"lazy\" decoding=\"async\" src=\"https:\/\/nordic-select.com\/wp-content\/uploads\/2025\/11\/Pablo-removebg-preview_ad933c9a-654f-48c0-8f10-587cd17e6544.avif\" width=\"352\" height=\"171\" srcset=\"https:\/\/nordic-select.com\/wp-content\/uploads\/2025\/11\/Pablo-removebg-preview_ad933c9a-654f-48c0-8f10-587cd17e6544.avif 352w, https:\/\/nordic-select.com\/wp-content\/uploads\/2025\/11\/Pablo-removebg-preview_ad933c9a-654f-48c0-8f10-587cd17e6544-300x146.avif 300w\" sizes=\"(max-width: 352px) 100vw, 352px\" class=\"wp-image-92\" \/><\/span><\/a><\/div>\n\n<div class=\"et_pb_text_8 et_pb_text et_pb_bg_layout_light et_clickable et_pb_module et_flex_module\"><div class=\"et_pb_text_inner\"><p>Pablo<\/p>\n<\/div><\/div>\n<\/div><div class=\"et_pb_group_7 et_pb_group et_pb_module et_flex_group et_pb_css_mix_blend_mode_passthrough\">\n<div class=\"et_pb_image_7 et_pb_image et_pb_module et_flex_module\"><a href=\"https:\/\/nordic-select.com\/de\/brand\/loop\/\"><span class=\"et_pb_image_wrap\"><img loading=\"lazy\" decoding=\"async\" src=\"https:\/\/nordic-select.com\/wp-content\/uploads\/2025\/11\/loop_1_853edd66-fb17-4665-a552-0c607a4022dc.avif\" width=\"352\" height=\"171\" srcset=\"https:\/\/nordic-select.com\/wp-content\/uploads\/2025\/11\/loop_1_853edd66-fb17-4665-a552-0c607a4022dc.avif 352w, https:\/\/nordic-select.com\/wp-content\/uploads\/2025\/11\/loop_1_853edd66-fb17-4665-a552-0c607a4022dc-300x146.avif 300w\" sizes=\"(max-width: 352px) 100vw, 352px\" class=\"wp-image-97\" \/><\/span><\/a><\/div>\n\n<div class=\"et_pb_text_9 et_pb_text et_pb_bg_layout_light et_clickable et_pb_module et_flex_module\"><div class=\"et_pb_text_inner\"><p>LOOP<\/p>\n<\/div><\/div>\n<\/div><div class=\"et_pb_group_8 et_pb_group et-last-child et_pb_module et_flex_group et_pb_css_mix_blend_mode_passthrough\">\n<div class=\"et_pb_image_8 et_pb_image et_pb_module et_flex_module\"><a href=\"https:\/\/nordic-select.com\/de\/brand\/helwit\/\"><span class=\"et_pb_image_wrap\"><img loading=\"lazy\" decoding=\"async\" src=\"https:\/\/nordic-select.com\/wp-content\/uploads\/2025\/11\/helwit_ce010996-c7ef-413d-b217-87620bda1dfa.avif\" width=\"352\" height=\"171\" srcset=\"https:\/\/nordic-select.com\/wp-content\/uploads\/2025\/11\/helwit_ce010996-c7ef-413d-b217-87620bda1dfa.avif 352w, https:\/\/nordic-select.com\/wp-content\/uploads\/2025\/11\/helwit_ce010996-c7ef-413d-b217-87620bda1dfa-300x146.avif 300w\" sizes=\"(max-width: 352px) 100vw, 352px\" class=\"wp-image-96\" \/><\/span><\/a><\/div>\n\n<div class=\"et_pb_text_10 et_pb_text et_pb_bg_layout_light et_clickable et_pb_module et_flex_module\"><div class=\"et_pb_text_inner\"><p>Helwit<\/p>\n<\/div><\/div>\n<\/div><\/div>\n<\/div>\n<\/div>","protected":false},"excerpt":{"rendered":"","protected":false},"author":1,"featured_media":0,"parent":0,"menu_order":0,"comment_status":"closed","ping_status":"closed","template":"","meta":{"_acf_changed":false,"footnotes":""},"class_list":["post-498","page","type-page","status-publish","hentry"],"acf":[],"_hostinger_reach_plugin_has_subscription_block":false,"_hostinger_reach_plugin_is_elementor":false,"_links":{"self":[{"href":"https:\/\/nordic-select.com\/de\/wp-json\/wp\/v2\/pages\/498","targetHints":{"allow":["GET"]}}],"collection":[{"href":"https:\/\/nordic-select.com\/de\/wp-json\/wp\/v2\/pages"}],"about":[{"href":"https:\/\/nordic-select.com\/de\/wp-json\/wp\/v2\/types\/page"}],"author":[{"embeddable":true,"href":"https:\/\/nordic-select.com\/de\/wp-json\/wp\/v2\/users\/1"}],"replies":[{"embeddable":true,"href":"https:\/\/nordic-select.com\/de\/wp-json\/wp\/v2\/comments?post=498"}],"version-history":[{"count":22,"href":"https:\/\/nordic-select.com\/de\/wp-json\/wp\/v2\/pages\/498\/revisions"}],"predecessor-version":[{"id":608,"href":"https:\/\/nordic-select.com\/de\/wp-json\/wp\/v2\/pages\/498\/revisions\/608"}],"wp:attachment":[{"href":"https:\/\/nordic-select.com\/de\/wp-json\/wp\/v2\/media?parent=498"}],"curies":[{"name":"wp","href":"https:\/\/api.w.org\/{rel}","templated":true}]}}